{"id":44,"date":"2020-01-01T19:07:54","date_gmt":"2020-01-01T18:07:54","guid":{"rendered":"http:\/\/base.cmsvrx.net\/?page_id=44"},"modified":"2025-03-18T13:41:43","modified_gmt":"2025-03-18T12:41:43","slug":"hem","status":"publish","type":"page","link":"https:\/\/www.mallorcanaprapaten.com\/sv\/","title":{"rendered":"Hem"},"content":{"rendered":"<div class=\"wpb-content-wrapper\"><p>[vc_row full_width=&#8221;stretch_row&#8221; equal_height=&#8221;yes&#8221; content_placement=&#8221;middle&#8221;][vc_column width=&#8221;1\/2&#8243; css=&#8221;.vc_custom_1584965093281{padding: 0px !important;background-color: #f8f8f8 !important;}&#8221;][vc_single_image image=&#8221;57&#8243; img_size=&#8221;full&#8221; add_caption=&#8221;yes&#8221; css=&#8221;.vc_custom_1584962153126{margin-bottom: 0px !important;}&#8221;][\/vc_column][vc_column width=&#8221;1\/2&#8243; css=&#8221;.vc_custom_1584965432179{background-color: #f8f8f8 !important;}&#8221; el_class=&#8221;p30&#8243;][vc_column_text]<\/p>\n<h1>Leg. Naprapat p\u00e5 Mallorca, sedan 2003<\/h1>\n<p>Vi diagnostiserar dina besv\u00e4r via olika tester och en grundlig patientbeskrivning som skapar en behandlingsplan f\u00f6r just dig.[\/vc_column_text][vc_column_text css=&#8221;.vc_custom_1584962852685{margin-bottom: 0px !important;}&#8221;]<\/p>\n<h3>Exempel p\u00e5 besv\u00e4r som vi behandlar:<\/h3>\n<ul>\n<li>Ryggskott<\/li>\n<li>Ischias<\/li>\n<li>Nacksp\u00e4rr<\/li>\n<li>Huvudv\u00e4rk<\/li>\n<li>Idrottsskador<\/li>\n<li>H\u00e5llningsproblematik<\/li>\n<li>Musarm m.m.<\/li>\n<\/ul>\n<p>[\/vc_column_text][\/vc_column][\/vc_row][vc_row full_width=&#8221;stretch_row&#8221;][vc_column][vc_empty_space height=&#8221;50px&#8221;][\/vc_column][\/vc_row][vc_row full_width=&#8221;stretch_row&#8221; gap=&#8221;30&#8243; content_placement=&#8221;middle&#8221; el_class=&#8221;rr&#8221;][vc_column width=&#8221;1\/2&#8243;][vc_column_text]<\/p>\n<h2>Behandlingen<\/h2>\n<p>Behandlingen sker med tekniker som manipulation och mobilisering av lederna samt massage och t\u00f6jning av muskulaturen.<\/p>\n<p>Laser och el-terapi anv\u00e4nds ocks\u00e5 med m\u00e5let att uppn\u00e5 b\u00e4ttre r\u00f6rlighet och funktion i muskulatur, leder och nervsystemet.[\/vc_column_text][vc_separator][vc_column_text css=&#8221;&#8221;]Pris: 55 \u20ac[\/vc_column_text][\/vc_column][vc_column width=&#8221;1\/2&#8243;][vc_single_image image=&#8221;60&#8243; img_size=&#8221;full&#8221; css=&#8221;.vc_custom_1584962246064{margin-bottom: 0px !important;}&#8221;][\/vc_column][\/vc_row][vc_row full_width=&#8221;stretch_row&#8221;][vc_column][vc_empty_space height=&#8221;50px&#8221;][\/vc_column][\/vc_row][vc_row full_width=&#8221;stretch_row_content_no_spaces&#8221;][vc_column][vc_gmaps link=&#8221;#E-8_JTNDaWZyYW1lJTIwc3JjJTNEJTIyaHR0cHMlM0ElMkYlMkZ3d3cuZ29vZ2xlLmNvbSUyRm1hcHMlMkZlbWJlZCUzRnBiJTNEJTIxMW0xNCUyMTFtOCUyMTFtMyUyMTFkMzA3NS40NDQyOTIyNjgyNzA2JTIxMmQyLjY0MzAyMDMlMjEzZDM5LjU3MjEzNjElMjEzbTIlMjExaTEwMjQlMjEyaTc2OCUyMTRmMTMuMSUyMTNtMyUyMTFtMiUyMTFzMHgxMjk3OTI1YjYyZDVkMjI1JTI1M0EweGU3NGQyNzJkMjRjYzFmYzglMjEyc0F2LiUyNTIwZGUlMjUyMEphdW1lJTI1MjBJSUklMjUyQyUyNTIwMTclMjUyQyUyNTIwMDcwMTIlMjUyMFBhbG1hJTI1MkMlMjUyMElsbGVzJTI1MjBCYWxlYXJzJTI1MkMlMjUyMFNwYW5pZW4lMjE1ZTAlMjEzbTIlMjExc3N2JTIxMnNzZSUyMTR2MTU4NDk2Mjc0NzM2NyUyMTVtMiUyMTFzc3YlMjEyc3NlJTIyJTIwd2lkdGglM0QlMjI2MDAlMjIlMjBoZWlnaHQlM0QlMjI0NTAlMjIlMjBmcmFtZWJvcmRlciUzRCUyMjAlMjIlMjBzdHlsZSUzRCUyMmJvcmRlciUzQTAlM0IlMjIlMjBhbGxvd2Z1bGxzY3JlZW4lM0QlMjIlMjIlMjBhcmlhLWhpZGRlbiUzRCUyMmZhbHNlJTIyJTIwdGFiaW5kZXglM0QlMjIwJTIyJTNFJTNDJTJGaWZyYW1lJTNF&#8221; css=&#8221;.vc_custom_1584962765579{margin-bottom: 0px !important;}&#8221;][\/vc_column][\/vc_row]<\/p>\n<\/div>","protected":false},"excerpt":{"rendered":"<p>[vc_row full_width=&#8221;stretch_row&#8221; equal_height=&#8221;yes&#8221; content_placement=&#8221;middle&#8221;][vc_column width=&#8221;1\/2&#8243; css=&#8221;.vc_custom_1584965093281{padding: 0px !important;background-color: #f8f8f8 !important;}&#8221;][vc_single_image image=&#8221;57&#8243; img_size=&#8221;full&#8221; add_caption=&#8221;yes&#8221; css=&#8221;.vc_custom_1584962153126{margin-bottom: 0px !important;}&#8221;][\/vc_column][vc_column width=&#8221;1\/2&#8243; css=&#8221;.vc_custom_1584965432179{background-color: #f8f8f8 !important;}&#8221; el_class=&#8221;p30&#8243;][vc_column_text] Leg. Naprapat p\u00e5 Mallorca, sedan 2003 Vi diagnostiserar dina besv\u00e4r via olika tester och en grundlig patientbeskrivning som skapar en behandlingsplan f\u00f6r just dig.[\/vc_column_text][vc_column_text css=&#8221;.vc_custom_1584962852685{margin-bottom: 0px !important;}&#8221;] Exempel p\u00e5 besv\u00e4r som vi behandlar: Ryggskott [&hellip;]<\/p>\n","protected":false},"author":1656,"featured_media":0,"parent":0,"menu_order":1,"comment_status":"closed","ping_status":"closed","template":"","meta":{"footnotes":""},"class_list":["post-44","page","type-page","status-publish","hentry"],"_links":{"self":[{"href":"https:\/\/www.mallorcanaprapaten.com\/sv\/wp-json\/wp\/v2\/pages\/44","targetHints":{"allow":["GET"]}}],"collection":[{"href":"https:\/\/www.mallorcanaprapaten.com\/sv\/wp-json\/wp\/v2\/pages"}],"about":[{"href":"https:\/\/www.mallorcanaprapaten.com\/sv\/wp-json\/wp\/v2\/types\/page"}],"author":[{"embeddable":true,"href":"https:\/\/www.mallorcanaprapaten.com\/sv\/wp-json\/wp\/v2\/users\/1656"}],"replies":[{"embeddable":true,"href":"https:\/\/www.mallorcanaprapaten.com\/sv\/wp-json\/wp\/v2\/comments?post=44"}],"version-history":[{"count":15,"href":"https:\/\/www.mallorcanaprapaten.com\/sv\/wp-json\/wp\/v2\/pages\/44\/revisions"}],"predecessor-version":[{"id":114,"href":"https:\/\/www.mallorcanaprapaten.com\/sv\/wp-json\/wp\/v2\/pages\/44\/revisions\/114"}],"wp:attachment":[{"href":"https:\/\/www.mallorcanaprapaten.com\/sv\/wp-json\/wp\/v2\/media?parent=44"}],"curies":[{"name":"wp","href":"https:\/\/api.w.org\/{rel}","templated":true}]}}